{"id":629,"date":"2022-05-18T08:52:26","date_gmt":"2022-05-18T08:52:26","guid":{"rendered":"https:\/\/word.mome.hu\/en\/?page_id=629"},"modified":"2022-08-05T11:11:28","modified_gmt":"2022-08-05T09:11:28","slug":"news","status":"publish","type":"page","link":"https:\/\/bdml.hu\/en\/news\/","title":{"rendered":"BDML News"},"content":{"rendered":"<ul class=\"wp-block-latest-posts__list wp-block-latest-posts\"><li><div class=\"wp-block-latest-posts__featured-image\"><img loading=\"lazy\" decoding=\"async\" width=\"1024\" height=\"682\" src=\"https:\/\/bdml.hu\/wp-content\/uploads\/2022\/05\/bdml-library-empty-1024x682.jpeg\" class=\"attachment-large size-large wp-post-image\" alt=\"\" style=\"\" srcset=\"https:\/\/bdml.hu\/wp-content\/uploads\/2022\/05\/bdml-library-empty-1024x682.jpeg 1024w, https:\/\/bdml.hu\/wp-content\/uploads\/2022\/05\/bdml-library-empty-300x200.jpeg 300w, https:\/\/bdml.hu\/wp-content\/uploads\/2022\/05\/bdml-library-empty-768x512.jpeg 768w, https:\/\/bdml.hu\/wp-content\/uploads\/2022\/05\/bdml-library-empty-1536x1024.jpeg 1536w, https:\/\/bdml.hu\/wp-content\/uploads\/2022\/05\/bdml-library-empty-930x620.jpeg 930w, https:\/\/bdml.hu\/wp-content\/uploads\/2022\/05\/bdml-library-empty-24x16.jpeg 24w, https:\/\/bdml.hu\/wp-content\/uploads\/2022\/05\/bdml-library-empty-36x24.jpeg 36w, https:\/\/bdml.hu\/wp-content\/uploads\/2022\/05\/bdml-library-empty-48x32.jpeg 48w, https:\/\/bdml.hu\/wp-content\/uploads\/2022\/05\/bdml-library-empty.jpeg 2000w\" sizes=\"auto, (max-width: 1024px) 100vw, 1024px\" \/><\/div><a class=\"wp-block-latest-posts__post-title\" href=\"https:\/\/bdml.hu\/en\/atadtak-a-mome-anyagkonyvtarat\/\">The pivotal role of the Material Library in education<\/a><div class=\"wp-block-latest-posts__post-full-content\"><!-- wp:paragraph -->\n<p>The fashion and design industry has become a knowledge-intensive sector worldwide, where the key to competitiveness lies in the use of the latest innovations in materials science, technology and information technology. The Hungarian Fashion and Design Agency, jointly with Moholy-Nagy University of Art and Design, has created the Budapest Design Material Library (BDML), featuring 300 of the latest and most innovative material samples from around the world.<\/p>\n<!-- \/wp:paragraph -->\n\n<!-- wp:paragraph -->\n<p>source: <a href=\"https:\/\/mome.hu\/en\/hir\/809\/az-anyagkonyvtar-kiemelt-szerepe-az-oktatasban\" target=\"_blank\" rel=\"noreferrer noopener\">https:\/\/mome.hu\/en\/hir\/809\/az-anyagkonyvtar-kiemelt-szerepe-az-oktatasban<\/a><\/p>\n<!-- \/wp:paragraph --><\/div><\/li>\n<li><div class=\"wp-block-latest-posts__featured-image\"><img loading=\"lazy\" decoding=\"async\" width=\"1024\" height=\"407\" src=\"https:\/\/bdml.hu\/wp-content\/uploads\/2022\/05\/openbdml-1024x407.jpeg\" class=\"attachment-large size-large wp-post-image\" alt=\"\" style=\"\" srcset=\"https:\/\/bdml.hu\/wp-content\/uploads\/2022\/05\/openbdml-1024x407.jpeg 1024w, https:\/\/bdml.hu\/wp-content\/uploads\/2022\/05\/openbdml-300x119.jpeg 300w, https:\/\/bdml.hu\/wp-content\/uploads\/2022\/05\/openbdml-768x305.jpeg 768w, https:\/\/bdml.hu\/wp-content\/uploads\/2022\/05\/openbdml-1536x611.jpeg 1536w, https:\/\/bdml.hu\/wp-content\/uploads\/2022\/05\/openbdml-24x10.jpeg 24w, https:\/\/bdml.hu\/wp-content\/uploads\/2022\/05\/openbdml-36x14.jpeg 36w, https:\/\/bdml.hu\/wp-content\/uploads\/2022\/05\/openbdml-48x19.jpeg 48w, https:\/\/bdml.hu\/wp-content\/uploads\/2022\/05\/openbdml.jpeg 1990w\" sizes=\"auto, (max-width: 1024px) 100vw, 1024px\" \/><\/div><a class=\"wp-block-latest-posts__post-title\" href=\"https:\/\/bdml.hu\/en\/second-news\/\">After Spain, Italy, Denmark and Sweden, Europe\u2019s Fifth Material Library Opens in Our Country<\/a><div class=\"wp-block-latest-posts__post-full-content\"><!-- wp:paragraph -->\n<p>As a result of the cooperation between the Hungarian Fashion and Design Agency and the Moholy-Nagy University of Art and Design, a unique material library has been opened in the Central European region. The Budapest Design Material Library find its niche in collecting the latest and most innovative material samples from all over the world and making them widely available to professionals, design industry players and students engaged in innovation and in research &amp; development. The continuously expanding collection and the online database available on site provide an opportunity to explore innovative uses of a wide range of material samples and to open up the possibility of linking design and other industrial sectors. The Budapest Design Material Library was opened with speeches by Dr. L\u00e1szl\u00f3 Gy\u00f6rgy, State Secretary for Economic Strategy and Regulation at the Ministry of Innovation and Technology, J\u00f3zsef F\u00fcl\u00f6p, Rector of Moholy-Nagy University of Art and Design, and Zs\u00f3fia Bata-Jakab, CEO of the Hungarian Fashion and Design Agency.<\/p>\n<!-- \/wp:paragraph -->\n\n<!-- wp:paragraph -->\n<p>source: <a href=\"https:\/\/mome.hu\/hu\/hir\/718\/spanyolorszag-olaszorszag-dania-es-svedorszag-utan-hazankban-megnyilt-europa-otodik-anyagkonyvtara\" target=\"_blank\" rel=\"noreferrer noopener\">https:\/\/mome.hu\/hu\/hir\/718\/spanyolorszag-olaszorszag-dania-es-svedorszag-utan-hazankban-megnyilt-europa-otodik-anyagkonyvtara<\/a><\/p>\n<!-- \/wp:paragraph --><\/div><\/li>\n<li><div class=\"wp-block-latest-posts__featured-image\"><img loading=\"lazy\" decoding=\"async\" width=\"1024\" height=\"683\" src=\"https:\/\/bdml.hu\/wp-content\/uploads\/2022\/05\/2021_mome_anyagkonyvtar_megnyito_082-min-3000x2000-1-1024x683.jpg\" class=\"attachment-large size-large wp-post-image\" alt=\"\" style=\"\" srcset=\"https:\/\/bdml.hu\/wp-content\/uploads\/2022\/05\/2021_mome_anyagkonyvtar_megnyito_082-min-3000x2000-1-1024x683.jpg 1024w, https:\/\/bdml.hu\/wp-content\/uploads\/2022\/05\/2021_mome_anyagkonyvtar_megnyito_082-min-3000x2000-1-300x200.jpg 300w, https:\/\/bdml.hu\/wp-content\/uploads\/2022\/05\/2021_mome_anyagkonyvtar_megnyito_082-min-3000x2000-1-768x512.jpg 768w, https:\/\/bdml.hu\/wp-content\/uploads\/2022\/05\/2021_mome_anyagkonyvtar_megnyito_082-min-3000x2000-1-1536x1024.jpg 1536w, https:\/\/bdml.hu\/wp-content\/uploads\/2022\/05\/2021_mome_anyagkonyvtar_megnyito_082-min-3000x2000-1-2048x1365.jpg 2048w, https:\/\/bdml.hu\/wp-content\/uploads\/2022\/05\/2021_mome_anyagkonyvtar_megnyito_082-min-3000x2000-1-930x620.jpg 930w, https:\/\/bdml.hu\/wp-content\/uploads\/2022\/05\/2021_mome_anyagkonyvtar_megnyito_082-min-3000x2000-1-24x16.jpg 24w, https:\/\/bdml.hu\/wp-content\/uploads\/2022\/05\/2021_mome_anyagkonyvtar_megnyito_082-min-3000x2000-1-36x24.jpg 36w, https:\/\/bdml.hu\/wp-content\/uploads\/2022\/05\/2021_mome_anyagkonyvtar_megnyito_082-min-3000x2000-1-48x32.jpg 48w\" sizes=\"auto, (max-width: 1024px) 100vw, 1024px\" \/><\/div><a class=\"wp-block-latest-posts__post-title\" href=\"https:\/\/bdml.hu\/en\/first-news\/\">Europe\u2019s fifth Material Library opens in Budapest<\/a><div class=\"wp-block-latest-posts__post-full-content\"><!-- wp:paragraph -->\n<p>The Hungarian Fashion &amp; Design Agency and the Moholy-Nagy University of Art and Design opened Europe\u2019s fifth material library, the first of its kind in the region. The gap-filling Budapest Design Material Library will bring together the latest and most innovative material samples from around the world and make them widely available.<\/p>\n<!-- \/wp:paragraph -->\n\n<!-- wp:paragraph -->\n<p>source: <a href=\"https:\/\/hypeandhyper.com\/budapesten-nyilt-meg-europa-otodik-anyagkonyvtara\/\" target=\"_blank\" rel=\"noreferrer noopener\">https:\/\/hypeandhyper.com\/budapesten-nyilt-meg-europa-otodik-anyagkonyvtara\/<\/a><\/p>\n<!-- \/wp:paragraph --><\/div><\/li>\n<\/ul>","protected":false},"excerpt":{"rendered":"","protected":false},"author":1,"featured_media":0,"parent":0,"menu_order":0,"comment_status":"closed","ping_status":"closed","template":"","meta":{"om_disable_all_campaigns":false,"_mi_skip_tracking":false,"neve_meta_sidebar":"","neve_meta_container":"","neve_meta_enable_content_width":"","neve_meta_content_width":0,"neve_meta_title_alignment":"","neve_meta_author_avatar":"","neve_post_elements_order":"","neve_meta_disable_header":"","neve_meta_disable_footer":"","neve_meta_disable_title":"","_EventAllDay":false,"_EventTimezone":"","_EventStartDate":"","_EventEndDate":"","_EventStartDateUTC":"","_EventEndDateUTC":"","_EventShowMap":false,"_EventShowMapLink":false,"_EventURL":"","_EventCost":"","_EventCostDescription":"","_EventCurrencySymbol":"","_EventCurrencyCode":"","_EventCurrencyPosition":"","_EventDateTimeSeparator":"","_EventTimeRangeSeparator":"","_EventOrganizerID":[],"_EventVenueID":0,"_OrganizerEmail":"","_OrganizerPhone":"","_OrganizerWebsite":"","_VenueAddress":"","_VenueCity":"","_VenueCountry":"","_VenueProvince":"","_VenueZip":"","_VenuePhone":"","_VenueURL":"","_VenueStateProvince":"","_VenueLat":"","_VenueLng":"","_price":"","_stock":"","_tribe_ticket_header":"","_tribe_default_ticket_provider":"","_tribe_ticket_capacity":"0","_ticket_start_date":"","_ticket_end_date":"","_tribe_ticket_show_description":"","_tribe_ticket_show_not_going":false,"_tribe_ticket_use_global_stock":"","_tribe_ticket_global_stock_level":"","_global_stock_mode":"","_global_stock_cap":"","_tribe_rsvp_for_event":"","_tribe_ticket_going_count":"","_tribe_ticket_not_going_count":"","_tribe_tickets_list":[],"_tribe_ticket_has_attendee_info_fields":false,"footnotes":""},"class_list":["post-629","page","type-page","status-publish","hentry"],"ticketed":false,"_links":{"self":[{"href":"https:\/\/bdml.hu\/en\/wp-json\/wp\/v2\/pages\/629","targetHints":{"allow":["GET"]}}],"collection":[{"href":"https:\/\/bdml.hu\/en\/wp-json\/wp\/v2\/pages"}],"about":[{"href":"https:\/\/bdml.hu\/en\/wp-json\/wp\/v2\/types\/page"}],"author":[{"embeddable":true,"href":"https:\/\/bdml.hu\/en\/wp-json\/wp\/v2\/users\/1"}],"replies":[{"embeddable":true,"href":"https:\/\/bdml.hu\/en\/wp-json\/wp\/v2\/comments?post=629"}],"version-history":[{"count":13,"href":"https:\/\/bdml.hu\/en\/wp-json\/wp\/v2\/pages\/629\/revisions"}],"predecessor-version":[{"id":1432,"href":"https:\/\/bdml.hu\/en\/wp-json\/wp\/v2\/pages\/629\/revisions\/1432"}],"wp:attachment":[{"href":"https:\/\/bdml.hu\/en\/wp-json\/wp\/v2\/media?parent=629"}],"curies":[{"name":"wp","href":"https:\/\/api.w.org\/{rel}","templated":true}]}}